{"id":11893,"date":"2020-09-28T00:28:19","date_gmt":"2020-09-27T22:28:19","guid":{"rendered":"http:\/\/www.miletin.cz\/?page_id=11893"},"modified":"2022-11-20T01:19:03","modified_gmt":"2022-11-20T00:19:03","slug":"navstevni-kniha","status":"publish","type":"page","link":"https:\/\/www.miletin.cz\/dotazy\/","title":{"rendered":"Va\u0161e dotazy na M\u00da Milet\u00edn"},"content":{"rendered":"<p>U\u017eivatel\u00e9 jsou povinni v\u00a0r\u00e1mci sv\u00fdch p\u0159\u00edsp\u011bvk\u016f a\u00a0ot\u00e1zek dodr\u017eovat pr\u00e1vn\u00ed p\u0159edpisy \u010cesk\u00e9 republiky. Jejich p\u0159\u00edsp\u011bvky nesm\u00ed obsahovat \u010di\u00a0propagovat rasovou, n\u00e1rodnostn\u00ed, n\u00e1bo\u017eenskou ani jinou nesn\u00e1\u0161enlivost nebo diskriminaci.<\/p>\n<p>U\u017eivatel\u00e9 jsou povinni zachov\u00e1vat z\u00e1sady slu\u0161n\u00e9ho chov\u00e1n\u00ed, zejm\u00e9na se zdr\u017eet u\u017e\u00edv\u00e1n\u00ed vulg\u00e1rn\u00edch v\u00fdraz\u016f a\u00a0ur\u00e1\u017eek, projev\u016f agrese nebo poni\u017eov\u00e1n\u00ed, poru\u0161ov\u00e1n\u00ed pr\u00e1v jin\u00fdch osob nebo jinak jednat proti dobr\u00fdm mrav\u016fm. U\u017eivatel\u00e9 nesm\u00ed pou\u017e\u00edvat skrytou \u010di\u00a0zjevnou reklamu.<\/p>\n<p>Provozovatel bezodkladn\u011b vyma\u017ee takov\u00fd p\u0159\u00edsp\u011bvek \u010di\u00a0takovou ot\u00e1zku, kter\u00e9 budou v\u00a0rozporu s\u00a0pr\u00e1vn\u00edmi p\u0159edpisy nebo s\u00a0t\u011bmito z\u00e1sadami. Provozovatel neodpov\u00edd\u00e1 za obsah ot\u00e1zek \u010di\u00a0p\u0159\u00edsp\u011bvk\u016f u\u017eivatel\u016f. Provozovatel je opr\u00e1vn\u011bn vymazat\u00a0<strong>anonymn\u00ed ot\u00e1zky \u010di\u00a0p\u0159\u00edsp\u011bvky<\/strong>. Provozovatel si vyhrazuje pr\u00e1vo zak\u00e1zat \u00fa\u010dast u\u017eivateli, kter\u00fd v\u00a0minulosti poru\u0161il pr\u00e1vn\u00ed p\u0159edpisy nebo tyto z\u00e1sady. V\u00a0od\u016fvodn\u011bn\u00fdch p\u0159\u00edpadech m\u016f\u017ee provozovatel rozhodnout o\u00a0z\u00e1kazu p\u0159\u00edstupu i\u00a0z\u00a0jin\u00fdch d\u016fvod\u016f.<em><strong>\u00a0<\/strong><\/em><\/p>\n<ul>\n<li><strong><a class=\"_mPS2id-h\" href=\"#zapati2\">Formul\u00e1\u0159 pro vlo\u017een\u00ed dotazu<\/a><\/strong><\/li>\n<\/ul>\n","protected":false},"excerpt":{"rendered":"<p>U\u017eivatel\u00e9 jsou povinni v\u00a0r\u00e1mci sv\u00fdch p\u0159\u00edsp\u011bvk\u016f a\u00a0ot\u00e1zek dodr\u017eovat pr\u00e1vn\u00ed p\u0159edpisy \u010cesk\u00e9 republiky. Jejich p\u0159\u00edsp\u011bvky nesm\u00ed obsahovat \u010di\u00a0propagovat rasovou, n\u00e1rodnostn\u00ed, n\u00e1bo\u017eenskou ani jinou nesn\u00e1\u0161enlivost nebo diskriminaci. U\u017eivatel\u00e9 jsou povinni zachov\u00e1vat z\u00e1sady slu\u0161n\u00e9ho chov\u00e1n\u00ed, zejm\u00e9na se zdr\u017eet u\u017e\u00edv\u00e1n\u00ed vulg\u00e1rn\u00edch v\u00fdraz\u016f a\u00a0ur\u00e1\u017eek, projev\u016f agrese nebo poni\u017eov\u00e1n\u00ed, poru\u0161ov\u00e1n\u00ed pr\u00e1v jin\u00fdch osob nebo jinak jednat proti dobr\u00fdm mrav\u016fm. U\u017eivatel\u00e9 nesm\u00ed [&hellip;]<\/p>\n","protected":false},"author":1,"featured_media":0,"parent":0,"menu_order":0,"comment_status":"open","ping_status":"closed","template":"","meta":[],"_links":{"self":[{"href":"https:\/\/www.miletin.cz\/dotazy\/wp-json\/wp\/v2\/pages\/11893"}],"collection":[{"href":"https:\/\/www.miletin.cz\/dotazy\/wp-json\/wp\/v2\/pages"}],"about":[{"href":"https:\/\/www.miletin.cz\/dotazy\/wp-json\/wp\/v2\/types\/page"}],"author":[{"embeddable":true,"href":"https:\/\/www.miletin.cz\/dotazy\/wp-json\/wp\/v2\/users\/1"}],"replies":[{"embeddable":true,"href":"https:\/\/www.miletin.cz\/dotazy\/wp-json\/wp\/v2\/comments?post=11893"}],"version-history":[{"count":22,"href":"https:\/\/www.miletin.cz\/dotazy\/wp-json\/wp\/v2\/pages\/11893\/revisions"}],"predecessor-version":[{"id":15050,"href":"https:\/\/www.miletin.cz\/dotazy\/wp-json\/wp\/v2\/pages\/11893\/revisions\/15050"}],"wp:attachment":[{"href":"https:\/\/www.miletin.cz\/dotazy\/wp-json\/wp\/v2\/media?parent=11893"}],"curies":[{"name":"wp","href":"https:\/\/api.w.org\/{rel}","templated":true}]}}